{"id":2642,"date":"2021-12-21T19:48:06","date_gmt":"2021-12-21T18:48:06","guid":{"rendered":"http:\/\/bevvzw.be\/?page_id=2642"},"modified":"2025-06-21T22:50:47","modified_gmt":"2025-06-21T21:50:47","slug":"vachtverzorging","status":"publish","type":"page","link":"https:\/\/bevvzw.be\/?page_id=2642","title":{"rendered":"Vachtverzorging \/ Entretien du pelage"},"content":{"rendered":"\n<p>Ezels bezitten een vacht die niet waterbestendig is.\u00a0 Vandaar dat ezels ook zo\u2019n hekel hebben aan regen.\u00a0\u00a0 Ze hebben een zomer- en een wintervacht.\u00a0 Vanaf het voorjaar tot juli verliezen de ezels hun wintervacht.\u00a0 Regelmatig borstelen zal door je dieren dan ook met heel veel dank worden aangenomen.\u00a0\u00a0Tijdens de winter is borstelen niet gewenst omdat er zich een lichte vetlaag vormt op de haren ter bescherming tegen het gure weer.\u00a0 Dan borstelen zou dat beschermlaagje beschadigen.\u00a0 Dus in de winter niet borstelen.\u00a0 Ook pasgeboren veulens borstel je beter niet in de eerste week na de geboorte.\u00a0 Het is soms verleidelijk zo\u2019n veulentje te verzorgen, maar de kans dat je de prille band tussen moeder en veulentje verstoort is toch wel re\u00ebel.<\/p>\n\n\n\n<p><\/p>\n\n\n\n<p><strong>Entretien du pelage<\/strong><\/p>\n\n\n\n<p><br>Les \u00e2nes ont un pelage qui n&#8217;est pas imperm\u00e9able. C&#8217;est pourquoi les \u00e2nes d\u00e9testent tant la pluie. Ils ont un pelage d&#8217;\u00e9t\u00e9 et un pelage d&#8217;hiver. Du printemps \u00e0 juillet, les \u00e2nes perdent leur pelage d&#8217;hiver. Un brossage r\u00e9gulier sera donc accept\u00e9 par vos animaux avec une grande reconnaissance. En hiver, le brossage n&#8217;est pas souhaitable car une l\u00e9g\u00e8re couche de graisse se forme sur les poils pour les prot\u00e9ger des intemp\u00e9ries. Le brossage endommagerait cette couche protectrice. Il ne faut donc pas brosser en hiver. M\u00eame les poulains nouveau-n\u00e9s ne doivent pas \u00eatre bross\u00e9s au cours de la premi\u00e8re semaine suivant leur naissance. Il est parfois tentant de toiletter un tel poulain, mais il y a de fortes chances que vous perturbiez le lien pr\u00e9coce entre la m\u00e8re et le poulain.<\/p>\n","protected":false},"excerpt":{"rendered":"<p>Ezels bezitten een vacht die niet waterbestendig is.\u00a0 Vandaar dat ezels ook zo\u2019n hekel hebben aan regen.\u00a0\u00a0 Ze hebben een zomer- en een wintervacht.\u00a0 Vanaf het voorjaar tot juli verliezen de ezels hun wintervacht.\u00a0 Regelmatig borstelen zal door je dieren dan ook met heel veel dank worden aangenomen.\u00a0\u00a0Tijdens de winter is borstelen niet gewenst omdat &hellip; <a href=\"https:\/\/bevvzw.be\/?page_id=2642\" class=\"more-link\">Continue reading <span class=\"screen-reader-text\">Vachtverzorging \/ Entretien du pelage<\/span> <span class=\"meta-nav\">&rarr;<\/span><\/a><\/p>\n","protected":false},"author":3,"featured_media":0,"parent":2632,"menu_order":0,"comment_status":"closed","ping_status":"closed","template":"","meta":{"footnotes":""},"class_list":["post-2642","page","type-page","status-publish","hentry"],"_links":{"self":[{"href":"https:\/\/bevvzw.be\/index.php?rest_route=\/wp\/v2\/pages\/2642","targetHints":{"allow":["GET"]}}],"collection":[{"href":"https:\/\/bevvzw.be\/index.php?rest_route=\/wp\/v2\/pages"}],"about":[{"href":"https:\/\/bevvzw.be\/index.php?rest_route=\/wp\/v2\/types\/page"}],"author":[{"embeddable":true,"href":"https:\/\/bevvzw.be\/index.php?rest_route=\/wp\/v2\/users\/3"}],"replies":[{"embeddable":true,"href":"https:\/\/bevvzw.be\/index.php?rest_route=%2Fwp%2Fv2%2Fcomments&post=2642"}],"version-history":[{"count":5,"href":"https:\/\/bevvzw.be\/index.php?rest_route=\/wp\/v2\/pages\/2642\/revisions"}],"predecessor-version":[{"id":3274,"href":"https:\/\/bevvzw.be\/index.php?rest_route=\/wp\/v2\/pages\/2642\/revisions\/3274"}],"up":[{"embeddable":true,"href":"https:\/\/bevvzw.be\/index.php?rest_route=\/wp\/v2\/pages\/2632"}],"wp:attachment":[{"href":"https:\/\/bevvzw.be\/index.php?rest_route=%2Fwp%2Fv2%2Fmedia&parent=2642"}],"curies":[{"name":"wp","href":"https:\/\/api.w.org\/{rel}","templated":true}]}}